{"id":23410,"date":"2024-02-26T12:59:55","date_gmt":"2024-02-26T11:59:55","guid":{"rendered":"https:\/\/autojanczuk.pl\/?page_id=23410"},"modified":"2024-02-26T14:45:30","modified_gmt":"2024-02-26T13:45:30","slug":"serwis","status":"publish","type":"page","link":"https:\/\/autojanczuk.pl\/?page_id=23410","title":{"rendered":"Serwis"},"content":{"rendered":"\t\t<div data-elementor-type=\"wp-page\" data-elementor-id=\"23410\" class=\"elementor elementor-23410\" data-elementor-post-type=\"page\">\n\t\t\t\t\t\t<section class=\"elementor-section elementor-top-section elementor-element elementor-element-1ea1d58 elementor-section-boxed elementor-section-height-default elementor-section-height-default\" data-id=\"1ea1d58\" data-element_type=\"section\" data-settings=\"{&quot;background_background&quot;:&quot;classic&quot;}\">\n\t\t\t\t\t\t\t<div class=\"elementor-background-overlay\"><\/div>\n\t\t\t\t\t\t\t<div class=\"elementor-container elementor-column-gap-default\">\n\t\t\t\t\t<div class=\"elementor-column elementor-col-100 elementor-top-column elementor-element elementor-element-58e5618\" data-id=\"58e5618\" data-element_type=\"column\">\n\t\t\t<div class=\"elementor-widget-wrap elementor-element-populated\">\n\t\t\t\t\t\t<div class=\"elementor-element elementor-element-728b306 elementor-widget elementor-widget-spacer\" data-id=\"728b306\" data-element_type=\"widget\" data-widget_type=\"spacer.default\">\n\t\t\t\t<div class=\"elementor-widget-container\">\n\t\t\t<style>\/*! elementor - v3.19.0 - 07-02-2024 *\/\n.elementor-column .elementor-spacer-inner{height:var(--spacer-size)}.e-con{--container-widget-width:100%}.e-con-inner>.elementor-widget-spacer,.e-con>.elementor-widget-spacer{width:var(--container-widget-width,var(--spacer-size));--align-self:var(--container-widget-align-self,initial);--flex-shrink:0}.e-con-inner>.elementor-widget-spacer>.elementor-widget-container,.e-con>.elementor-widget-spacer>.elementor-widget-container{height:100%;width:100%}.e-con-inner>.elementor-widget-spacer>.elementor-widget-container>.elementor-spacer,.e-con>.elementor-widget-spacer>.elementor-widget-container>.elementor-spacer{height:100%}.e-con-inner>.elementor-widget-spacer>.elementor-widget-container>.elementor-spacer>.elementor-spacer-inner,.e-con>.elementor-widget-spacer>.elementor-widget-container>.elementor-spacer>.elementor-spacer-inner{height:var(--container-widget-height,var(--spacer-size))}.e-con-inner>.elementor-widget-spacer.elementor-widget-empty,.e-con>.elementor-widget-spacer.elementor-widget-empty{position:relative;min-height:22px;min-width:22px}.e-con-inner>.elementor-widget-spacer.elementor-widget-empty .elementor-widget-empty-icon,.e-con>.elementor-widget-spacer.elementor-widget-empty .elementor-widget-empty-icon{position:absolute;top:0;bottom:0;left:0;right:0;margin:auto;padding:0;width:22px;height:22px}<\/style>\t\t<div class=\"elementor-spacer\">\n\t\t\t<div class=\"elementor-spacer-inner\"><\/div>\n\t\t<\/div>\n\t\t\t\t<\/div>\n\t\t\t\t<\/div>\n\t\t\t\t<div class=\"elementor-element elementor-element-1e1c9a6 vehica-hero-v2-title elementor-widget elementor-widget-heading\" data-id=\"1e1c9a6\" data-element_type=\"widget\" data-widget_type=\"heading.default\">\n\t\t\t\t<div class=\"elementor-widget-container\">\n\t\t\t<style>\/*! elementor - v3.19.0 - 07-02-2024 *\/\n.elementor-heading-title{padding:0;margin:0;line-height:1}.elementor-widget-heading .elementor-heading-title[class*=elementor-size-]>a{color:inherit;font-size:inherit;line-height:inherit}.elementor-widget-heading .elementor-heading-title.elementor-size-small{font-size:15px}.elementor-widget-heading .elementor-heading-title.elementor-size-medium{font-size:19px}.elementor-widget-heading .elementor-heading-title.elementor-size-large{font-size:29px}.elementor-widget-heading .elementor-heading-title.elementor-size-xl{font-size:39px}.elementor-widget-heading .elementor-heading-title.elementor-size-xxl{font-size:59px}<\/style><h1 class=\"elementor-heading-title elementor-size-default\">SERWIS <\/h1>\t\t<\/div>\n\t\t\t\t<\/div>\n\t\t\t\t<div class=\"elementor-element elementor-element-b77365b elementor-widget elementor-widget-spacer\" data-id=\"b77365b\" data-element_type=\"widget\" data-widget_type=\"spacer.default\">\n\t\t\t\t<div class=\"elementor-widget-container\">\n\t\t\t\t\t<div class=\"elementor-spacer\">\n\t\t\t<div class=\"elementor-spacer-inner\"><\/div>\n\t\t<\/div>\n\t\t\t\t<\/div>\n\t\t\t\t<\/div>\n\t\t\t\t\t<\/div>\n\t\t<\/div>\n\t\t\t\t\t<\/div>\n\t\t<\/section>\n\t\t\t\t<section class=\"elementor-section elementor-top-section elementor-element elementor-element-bdbbd73 elementor-section-boxed elementor-section-height-default elementor-section-height-default\" data-id=\"bdbbd73\" data-element_type=\"section\">\n\t\t\t\t\t\t<div class=\"elementor-container elementor-column-gap-default\">\n\t\t\t\t\t<div class=\"elementor-column elementor-col-100 elementor-top-column elementor-element elementor-element-8a9f751\" data-id=\"8a9f751\" data-element_type=\"column\">\n\t\t\t<div class=\"elementor-widget-wrap elementor-element-populated\">\n\t\t\t\t\t\t<div class=\"elementor-element elementor-element-ab33473 elementor-widget elementor-widget-spacer\" data-id=\"ab33473\" data-element_type=\"widget\" data-widget_type=\"spacer.default\">\n\t\t\t\t<div class=\"elementor-widget-container\">\n\t\t\t\t\t<div class=\"elementor-spacer\">\n\t\t\t<div class=\"elementor-spacer-inner\"><\/div>\n\t\t<\/div>\n\t\t\t\t<\/div>\n\t\t\t\t<\/div>\n\t\t\t\t<div class=\"elementor-element elementor-element-73a292a elementor-widget elementor-widget-heading\" data-id=\"73a292a\" data-element_type=\"widget\" data-widget_type=\"heading.default\">\n\t\t\t\t<div class=\"elementor-widget-container\">\n\t\t\t<h2 class=\"elementor-heading-title elementor-size-default\">Na rynku motoryzacyjnym jeste\u015bmy od 2008 roku. Dzia\u0142amy profesjonalnie w zakresie naprawy i imporcie samochod\u00f3w osobowych. \nNasz serwis \u015bwiadczy us\u0142ugi z zakresu mechaniki samochodowej.<\/h2>\t\t<\/div>\n\t\t\t\t<\/div>\n\t\t\t\t<div class=\"elementor-element elementor-element-b834551 elementor-widget elementor-widget-heading\" data-id=\"b834551\" data-element_type=\"widget\" data-widget_type=\"heading.default\">\n\t\t\t\t<div class=\"elementor-widget-container\">\n\t\t\t<h2 class=\"elementor-heading-title elementor-size-default\">Wykonujemy m.in. takie us\u0142ugi jak:<\/h2>\t\t<\/div>\n\t\t\t\t<\/div>\n\t\t\t\t<div class=\"elementor-element elementor-element-198bd42 elementor-widget elementor-widget-heading\" data-id=\"198bd42\" data-element_type=\"widget\" data-widget_type=\"heading.default\">\n\t\t\t\t<div class=\"elementor-widget-container\">\n\t\t\t<h2 class=\"elementor-heading-title elementor-size-default\">- diagnostyka komputerowa<BR\/>\n- naprawy bie\u017c\u0105ce<BR\/>\n- wymiana oleju\/filtr\u00f3w<BR\/>\n- wymiana rozrz\u0105du<BR\/>\n- wymiana\/ naprawa uk\u0142adu \n zawieszenia<BR\/>\n- wymiana\/ naprawa uk\u0142adu wydechowego<br>\n- wymiana\/ naprawa uk\u0142adu hamulcowego<\/h2>\t\t<\/div>\n\t\t\t\t<\/div>\n\t\t\t\t<div class=\"elementor-element elementor-element-94c5ca7 elementor-widget elementor-widget-spacer\" data-id=\"94c5ca7\" data-element_type=\"widget\" data-widget_type=\"spacer.default\">\n\t\t\t\t<div class=\"elementor-widget-container\">\n\t\t\t\t\t<div class=\"elementor-spacer\">\n\t\t\t<div class=\"elementor-spacer-inner\"><\/div>\n\t\t<\/div>\n\t\t\t\t<\/div>\n\t\t\t\t<\/div>\n\t\t\t\t\t<\/div>\n\t\t<\/div>\n\t\t\t\t\t<\/div>\n\t\t<\/section>\n\t\t\t\t<\/div>\n\t\t","protected":false},"excerpt":{"rendered":"<p>SERWIS Na rynku motoryzacyjnym jeste\u015bmy od 2008 roku. Dzia\u0142amy profesjonalnie w zakresie naprawy i imporcie samochod\u00f3w osobowych. Nasz serwis \u015bwiadczy us\u0142ugi z zakresu mechaniki samochodowej. Wykonujemy m.in. takie us\u0142ugi jak: &#8211; diagnostyka komputerowa &#8211; naprawy bie\u017c\u0105ce &#8211; wymiana oleju\/filtr\u00f3w &#8211; wymiana rozrz\u0105du &#8211; wymiana\/ naprawa uk\u0142adu zawieszenia &#8211; wymiana\/ naprawa uk\u0142adu wydechowego &#8211; wymiana\/ naprawa [&hellip;]<\/p>\n","protected":false},"author":1,"featured_media":0,"parent":0,"menu_order":0,"comment_status":"closed","ping_status":"closed","template":"","meta":{"footnotes":""},"class_list":["post-23410","page","type-page","status-publish","hentry"],"_links":{"self":[{"href":"https:\/\/autojanczuk.pl\/index.php?rest_route=\/wp\/v2\/pages\/23410","targetHints":{"allow":["GET"]}}],"collection":[{"href":"https:\/\/autojanczuk.pl\/index.php?rest_route=\/wp\/v2\/pages"}],"about":[{"href":"https:\/\/autojanczuk.pl\/index.php?rest_route=\/wp\/v2\/types\/page"}],"author":[{"embeddable":true,"href":"https:\/\/autojanczuk.pl\/index.php?rest_route=\/wp\/v2\/users\/1"}],"replies":[{"embeddable":true,"href":"https:\/\/autojanczuk.pl\/index.php?rest_route=%2Fwp%2Fv2%2Fcomments&post=23410"}],"version-history":[{"count":10,"href":"https:\/\/autojanczuk.pl\/index.php?rest_route=\/wp\/v2\/pages\/23410\/revisions"}],"predecessor-version":[{"id":23538,"href":"https:\/\/autojanczuk.pl\/index.php?rest_route=\/wp\/v2\/pages\/23410\/revisions\/23538"}],"wp:attachment":[{"href":"https:\/\/autojanczuk.pl\/index.php?rest_route=%2Fwp%2Fv2%2Fmedia&parent=23410"}],"curies":[{"name":"wp","href":"https:\/\/api.w.org\/{rel}","templated":true}]}}